{"id":55,"date":"2023-10-23T13:05:58","date_gmt":"2023-10-23T13:05:58","guid":{"rendered":"https:\/\/eminentkomunikacije.rs\/?page_id=55"},"modified":"2024-04-01T13:43:03","modified_gmt":"2024-04-01T13:43:03","slug":"home","status":"publish","type":"page","link":"https:\/\/eminentkomunikacije.rs\/","title":{"rendered":"Home"},"content":{"rendered":"\n[et_pb_section fb_built=&#8221;1&#8243; admin_label=&#8221;Header&#8221; _builder_version=&#8221;4.22.2&#8243; _module_preset=&#8221;default&#8221; background_color=&#8221;#f7f1e5&#8243; overflow-x=&#8221;hidden&#8221; overflow-y=&#8221;hidden&#8221; custom_margin=&#8221;0px|0px|0px|0px|true|true&#8221; custom_padding=&#8221;||0px|||&#8221; border_radii=&#8221;on|10px|10px|10px|10px&#8221; locked=&#8221;off&#8221; collapsed=&#8221;on&#8221; global_colors_info=&#8221;{%22gcid-fc7b31e8-94d8-4560-b647-c33fa43cc805%22:%91%22background_color%22,%22background_color%22,%22background_color%22%93}&#8221;][et_pb_row column_structure=&#8221;2_3,1_3&#8243; make_equal=&#8221;on&#8221; _builder_version=&#8221;4.22.0&#8243; _module_preset=&#8221;default&#8221; custom_padding=&#8221;0px||0px||true|false&#8221; global_colors_info=&#8221;{}&#8221;][et_pb_column type=&#8221;2_3&#8243; _builder_version=&#8221;4.22.0&#8243; _module_preset=&#8221;default&#8221; custom_padding=&#8221;6vw||6vw||true|false&#8221; global_colors_info=&#8221;{}&#8221;][et_pb_text _builder_version=&#8221;4.22.2&#8243; _module_preset=&#8221;64753562-fa57-4cbc-abcd-1b318e2568d4&#8243; global_colors_info=&#8221;{}&#8221;]<h4>Va\u0161 put do uspeha!<\/h4>[\/et_pb_text][et_pb_text _builder_version=&#8221;4.22.2&#8243; _module_preset=&#8221;8a5e35c1-63b4-4d39-a675-d69bf7e55c39&#8243; custom_margin=&#8221;||10px||false|false&#8221; global_colors_info=&#8221;{}&#8221;]<h1>EMINENT Komunikacije<\/h1>[\/et_pb_text][et_pb_text _builder_version=&#8221;4.22.2&#8243; _module_preset=&#8221;05f5dfd0-d96d-4faf-b479-4c49c4649cb3&#8243; global_colors_info=&#8221;{}&#8221;]<p>\u0160ta god pi\u0161e\u0161, pi\u0161i kratko, \u010dita\u0107e te.<br \/>Pi\u0161i jasno, razume\u0107e te.<br \/>Pi\u0161i slikovito, pamti\u0107e te \u2013<br \/><strong>D\u017eozef Pulicer<\/strong><\/p>[\/et_pb_text][et_pb_button button_text=&#8221;Saznajte vi\u0161e&#8221; _builder_version=&#8221;4.22.2&#8243; _module_preset=&#8221;317aaae4-2c73-42b1-9afd-a59d4103c8df&#8221; global_colors_info=&#8221;{}&#8221;][\/et_pb_button][\/et_pb_column][et_pb_column type=&#8221;1_3&#8243; _builder_version=&#8221;4.22.0&#8243; _module_preset=&#8221;default&#8221; border_radii_tablet=&#8221;off|10px|10px||&#8221; border_radii_phone=&#8221;off|10px|10px||&#8221; border_radii_last_edited=&#8221;on|tablet&#8221; global_colors_info=&#8221;{}&#8221;][et_pb_image src=&#8221;https:\/\/eminentkomunikacije.rs\/wp-content\/uploads\/2023\/10\/pexels-ivan-bertolazzi-2681319-scaled.jpg&#8221; title_text=&#8221;pexels-ivan-bertolazzi-2681319&#8243; align=&#8221;right&#8221; _builder_version=&#8221;4.22.2&#8243; _module_preset=&#8221;default&#8221; height=&#8221;600px&#8221; custom_margin=&#8221;|-10vw|||false|false&#8221; global_colors_info=&#8221;{}&#8221;][\/et_pb_image][et_pb_image src=&#8221;https:\/\/eminentkomunikacije.rs\/wp-content\/uploads\/2023\/10\/career-coach-15.png&#8221; title_text=&#8221;career-coach-15&#8243; _builder_version=&#8221;4.22.0&#8243; _module_preset=&#8221;default&#8221; positioning=&#8221;absolute&#8221; position_origin_a=&#8221;top_right&#8221; width=&#8221;50%&#8221; custom_margin=&#8221;|-10vw|||false|false&#8221; custom_margin_tablet=&#8221;|0vw|||false|false&#8221; custom_margin_phone=&#8221;|0vw|||false|false&#8221; custom_margin_last_edited=&#8221;on|tablet&#8221; global_colors_info=&#8221;{}&#8221;][\/et_pb_image][\/et_pb_column][\/et_pb_row][\/et_pb_section][et_pb_section fb_built=&#8221;1&#8243; admin_label=&#8221;Services&#8221; _builder_version=&#8221;4.22.0&#8243; _module_preset=&#8221;default&#8221; locked=&#8221;off&#8221; collapsed=&#8221;off&#8221; global_colors_info=&#8221;{}&#8221;][et_pb_row column_structure=&#8221;1_2,1_2&#8243; use_custom_gutter=&#8221;on&#8221; gutter_width=&#8221;2&#8243; custom_padding_last_edited=&#8221;on|tablet&#8221; _builder_version=&#8221;4.22.2&#8243; _module_preset=&#8221;default&#8221; width=&#8221;100%&#8221; custom_padding=&#8221;||10px||false|false&#8221; custom_padding_tablet=&#8221;||0px||false|false&#8221; custom_padding_phone=&#8221;||0px||false|false&#8221; hover_enabled=&#8221;0&#8243; global_colors_info=&#8221;{}&#8221; sticky_enabled=&#8221;0&#8243;][et_pb_column type=&#8221;1_2&#8243; _builder_version=&#8221;4.22.0&#8243; _module_preset=&#8221;default&#8221; background_color=&#8221;gcid-ee89fd9f-afc5-4939-817c-0a17ac90288c&#8221; custom_padding=&#8221;40px|40px|40px|40px|true|true&#8221; custom_padding_tablet=&#8221;30px|30px|30px|30px|true|true&#8221; custom_padding_phone=&#8221;20px|20px|20px|20px|true|true&#8221; custom_padding_last_edited=&#8221;on|phone&#8221; hover_enabled=&#8221;0&#8243; border_radii=&#8221;on|10px|10px|10px|10px&#8221; global_colors_info=&#8221;{%22gcid-ee89fd9f-afc5-4939-817c-0a17ac90288c%22:%91%22background_color%22%93}&#8221; sticky_enabled=&#8221;0&#8243;][et_pb_image src=&#8221;https:\/\/eminentkomunikacije.rs\/wp-content\/uploads\/2023\/10\/career-coach-illustration-05@2x.png&#8221; title_text=&#8221;career-coach-illustration-05@2x&#8221; _builder_version=&#8221;4.22.2&#8243; _module_preset=&#8221;default&#8221; max_width=&#8221;120px&#8221; max_height=&#8221;200px&#8221; hover_enabled=&#8221;0&#8243; global_colors_info=&#8221;{}&#8221; align=&#8221;center&#8221; sticky_enabled=&#8221;0&#8243;][\/et_pb_image][et_pb_text _builder_version=&#8221;4.22.2&#8243; _module_preset=&#8221;cbcf4ccd-ab76-4a29-9c1a-a326ade2e6a1&#8243; custom_margin=&#8221;||10px||false|false&#8221; hover_enabled=&#8221;0&#8243; global_colors_info=&#8221;{}&#8221; text_orientation=&#8221;center&#8221; sticky_enabled=&#8221;0&#8243;]<h3>Strategija komunikacije<\/h3>[\/et_pb_text][et_pb_button button_text=&#8221;Saznajte vi\u0161e&#8221; _builder_version=&#8221;4.22.2&#8243; _module_preset=&#8221;317aaae4-2c73-42b1-9afd-a59d4103c8df&#8221; hover_enabled=&#8221;0&#8243; global_colors_info=&#8221;{}&#8221; button_alignment=&#8221;center&#8221; sticky_enabled=&#8221;0&#8243;][\/et_pb_button][\/et_pb_column][et_pb_column type=&#8221;1_2&#8243; _builder_version=&#8221;4.22.0&#8243; _module_preset=&#8221;default&#8221; background_color=&#8221;gcid-a13652f3-2793-4cb6-9d99-526eb1549d6a&#8221; custom_padding=&#8221;40px|40px|40px|40px|true|true&#8221; custom_padding_tablet=&#8221;30px|30px|30px|30px|true|true&#8221; custom_padding_phone=&#8221;20px|20px|20px|20px|true|true&#8221; custom_padding_last_edited=&#8221;on|phone&#8221; border_radii=&#8221;on|10px|10px|10px|10px&#8221; global_colors_info=&#8221;{%22gcid-a13652f3-2793-4cb6-9d99-526eb1549d6a%22:%91%22background_color%22%93}&#8221;][et_pb_image src=&#8221;https:\/\/eminentkomunikacije.rs\/wp-content\/uploads\/2023\/10\/career-coach-illustration-08@2x.png&#8221; title_text=&#8221;career-coach-illustration-08@2x&#8221; _builder_version=&#8221;4.22.2&#8243; _module_preset=&#8221;default&#8221; max_width=&#8221;120px&#8221; max_height=&#8221;200px&#8221; hover_enabled=&#8221;0&#8243; global_colors_info=&#8221;{}&#8221; align=&#8221;center&#8221; sticky_enabled=&#8221;0&#8243;][\/et_pb_image][et_pb_text _builder_version=&#8221;4.22.2&#8243; _module_preset=&#8221;cbcf4ccd-ab76-4a29-9c1a-a326ade2e6a1&#8243; text_font_size=&#8221;10px&#8221; header_font_size=&#8221;69px&#8221; header_3_font_size=&#8221;34px&#8221; header_4_font_size=&#8221;25px&#8221; text_orientation=&#8221;center&#8221; custom_margin=&#8221;||10px||false|false&#8221; global_colors_info=&#8221;{}&#8221;]<h3>Korporativna komunikacija<\/h3>[\/et_pb_text][et_pb_button button_text=&#8221;Saznajte vi\u0161e&#8221; _builder_version=&#8221;4.22.2&#8243; _module_preset=&#8221;317aaae4-2c73-42b1-9afd-a59d4103c8df&#8221; hover_enabled=&#8221;0&#8243; global_colors_info=&#8221;{}&#8221; button_alignment=&#8221;center&#8221; sticky_enabled=&#8221;0&#8243;][\/et_pb_button][\/et_pb_column][\/et_pb_row][et_pb_row column_structure=&#8221;1_2,1_2&#8243; use_custom_gutter=&#8221;on&#8221; gutter_width=&#8221;2&#8243; _builder_version=&#8221;4.22.2&#8243; _module_preset=&#8221;default&#8221; hover_enabled=&#8221;0&#8243; global_colors_info=&#8221;{}&#8221; sticky_enabled=&#8221;0&#8243;][et_pb_column type=&#8221;1_2&#8243; _builder_version=&#8221;4.22.2&#8243; _module_preset=&#8221;default&#8221; background_color=&#8221;RGBA(255,255,255,0)&#8221; custom_padding=&#8221;40px|40px|40px|40px|true|true&#8221; custom_padding_tablet=&#8221;30px|30px|30px|30px|true|true&#8221; custom_padding_phone=&#8221;20px|20px|20px|20px|true|true&#8221; custom_padding_last_edited=&#8221;on|phone&#8221; hover_enabled=&#8221;0&#8243; border_radii=&#8221;on|10px|10px|10px|10px&#8221; global_colors_info=&#8221;{}&#8221; sticky_enabled=&#8221;0&#8243;][et_pb_image src=&#8221;https:\/\/eminentkomunikacije.rs\/wp-content\/uploads\/2023\/10\/career-coach-illustration-orange-02@2x.png&#8221; title_text=&#8221;career-coach-illustration-orange-02@2x&#8221; _builder_version=&#8221;4.22.2&#8243; _module_preset=&#8221;default&#8221; max_width=&#8221;120px&#8221; max_height=&#8221;200px&#8221; hover_enabled=&#8221;0&#8243; global_colors_info=&#8221;{}&#8221; align=&#8221;center&#8221; sticky_enabled=&#8221;0&#8243;][\/et_pb_image][et_pb_text _builder_version=&#8221;4.22.2&#8243; _module_preset=&#8221;cbcf4ccd-ab76-4a29-9c1a-a326ade2e6a1&#8243; custom_margin=&#8221;||10px||false|false&#8221; hover_enabled=&#8221;0&#8243; global_colors_info=&#8221;{}&#8221; sticky_enabled=&#8221;0&#8243;]<h3 style=\"text-align: center;\">Poslovno savetovanje<\/h3>[\/et_pb_text][et_pb_button button_text=&#8221;Saznajte vi\u0161e&#8221; _builder_version=&#8221;4.22.2&#8243; _module_preset=&#8221;317aaae4-2c73-42b1-9afd-a59d4103c8df&#8221; hover_enabled=&#8221;0&#8243; global_colors_info=&#8221;{}&#8221; button_alignment=&#8221;center&#8221; sticky_enabled=&#8221;0&#8243;][\/et_pb_button][\/et_pb_column][et_pb_column type=&#8221;1_2&#8243; _builder_version=&#8221;4.22.0&#8243; _module_preset=&#8221;default&#8221; background_color=&#8221;gcid-fc7b31e8-94d8-4560-b647-c33fa43cc805&#8243; custom_padding=&#8221;40px|40px|40px|40px|true|true&#8221; custom_padding_tablet=&#8221;30px|30px|30px|30px|true|true&#8221; custom_padding_phone=&#8221;20px|20px|20px|20px|true|true&#8221; custom_padding_last_edited=&#8221;on|phone&#8221; border_radii=&#8221;on|10px|10px|10px|10px&#8221; global_colors_info=&#8221;{%22gcid-fc7b31e8-94d8-4560-b647-c33fa43cc805%22:%91%22background_color%22%93}&#8221;][et_pb_image src=&#8221;https:\/\/eminentkomunikacije.rs\/wp-content\/uploads\/2023\/10\/career-coach-illustration-07@2x.png&#8221; title_text=&#8221;career-coach-illustration-07@2x&#8221; _builder_version=&#8221;4.22.2&#8243; _module_preset=&#8221;default&#8221; max_width=&#8221;120px&#8221; max_height=&#8221;200px&#8221; hover_enabled=&#8221;0&#8243; global_colors_info=&#8221;{}&#8221; align=&#8221;center&#8221; sticky_enabled=&#8221;0&#8243;][\/et_pb_image][et_pb_text _builder_version=&#8221;4.22.2&#8243; _module_preset=&#8221;cbcf4ccd-ab76-4a29-9c1a-a326ade2e6a1&#8243; custom_margin=&#8221;||10px||false|false&#8221; hover_enabled=&#8221;0&#8243; global_colors_info=&#8221;{}&#8221; sticky_enabled=&#8221;0&#8243;]<h3 style=\"text-align: center;\">Odnosi sa medijima<\/h3>[\/et_pb_text][et_pb_button button_text=&#8221;Saznajte vi\u0161e&#8221; _builder_version=&#8221;4.22.2&#8243; _module_preset=&#8221;317aaae4-2c73-42b1-9afd-a59d4103c8df&#8221; hover_enabled=&#8221;0&#8243; global_colors_info=&#8221;{}&#8221; button_alignment=&#8221;center&#8221; sticky_enabled=&#8221;0&#8243;][\/et_pb_button][\/et_pb_column][\/et_pb_row][et_pb_row column_structure=&#8221;1_4,1_2,1_4&#8243; use_custom_gutter=&#8221;on&#8221; gutter_width=&#8221;2&#8243; custom_padding_last_edited=&#8221;on|tablet&#8221; _builder_version=&#8221;4.22.2&#8243; _module_preset=&#8221;default&#8221; custom_padding=&#8221;||10px||false|false&#8221; custom_padding_tablet=&#8221;||0px||false|false&#8221; custom_padding_phone=&#8221;||0px||false|false&#8221; hover_enabled=&#8221;0&#8243; global_colors_info=&#8221;{}&#8221; sticky_enabled=&#8221;0&#8243;][et_pb_column type=&#8221;1_4&#8243; _builder_version=&#8221;4.22.2&#8243; _module_preset=&#8221;default&#8221; background_color=&#8221;RGBA(255,255,255,0)&#8221; custom_padding=&#8221;40px|40px|40px|40px|true|true&#8221; custom_padding_tablet=&#8221;30px|30px|30px|30px|true|true&#8221; custom_padding_phone=&#8221;20px|20px|20px|20px|true|true&#8221; custom_padding_last_edited=&#8221;on|phone&#8221; border_radii=&#8221;on|10px|10px|10px|10px&#8221; global_colors_info=&#8221;{}&#8221;][\/et_pb_column][et_pb_column type=&#8221;1_2&#8243; _builder_version=&#8221;4.22.0&#8243; _module_preset=&#8221;default&#8221; background_color=&#8221;gcid-ee89fd9f-afc5-4939-817c-0a17ac90288c&#8221; custom_padding=&#8221;40px|40px|40px|40px|true|true&#8221; custom_padding_tablet=&#8221;30px|30px|30px|30px|true|true&#8221; custom_padding_phone=&#8221;20px|20px|20px|20px|true|true&#8221; custom_padding_last_edited=&#8221;on|phone&#8221; border_radii=&#8221;on|10px|10px|10px|10px&#8221; global_colors_info=&#8221;{%22gcid-ee89fd9f-afc5-4939-817c-0a17ac90288c%22:%91%22background_color%22%93}&#8221;][et_pb_image src=&#8221;https:\/\/eminentkomunikacije.rs\/wp-content\/uploads\/2023\/10\/career-coach-illustration-05@2x.png&#8221; title_text=&#8221;career-coach-illustration-05@2x&#8221; _builder_version=&#8221;4.22.2&#8243; _module_preset=&#8221;default&#8221; max_width=&#8221;120px&#8221; max_height=&#8221;200px&#8221; hover_enabled=&#8221;0&#8243; global_colors_info=&#8221;{}&#8221; align=&#8221;center&#8221; sticky_enabled=&#8221;0&#8243;][\/et_pb_image][et_pb_text _builder_version=&#8221;4.22.2&#8243; _module_preset=&#8221;cbcf4ccd-ab76-4a29-9c1a-a326ade2e6a1&#8243; custom_margin=&#8221;||10px||false|false&#8221; hover_enabled=&#8221;0&#8243; global_colors_info=&#8221;{}&#8221; sticky_enabled=&#8221;0&#8243;]<h3 style=\"text-align: center;\">Krizni PR<\/h3>[\/et_pb_text][et_pb_button button_text=&#8221;Learn More&#8221; _builder_version=&#8221;4.22.2&#8243; _module_preset=&#8221;317aaae4-2c73-42b1-9afd-a59d4103c8df&#8221; hover_enabled=&#8221;0&#8243; global_colors_info=&#8221;{}&#8221; button_alignment=&#8221;center&#8221; sticky_enabled=&#8221;0&#8243;][\/et_pb_button][\/et_pb_column][et_pb_column type=&#8221;1_4&#8243; _builder_version=&#8221;4.22.2&#8243; _module_preset=&#8221;default&#8221; background_color=&#8221;RGBA(255,255,255,0)&#8221; custom_padding=&#8221;40px|40px|40px|40px|true|true&#8221; custom_padding_tablet=&#8221;30px|30px|30px|30px|true|true&#8221; custom_padding_phone=&#8221;20px|20px|20px|20px|true|true&#8221; custom_padding_last_edited=&#8221;on|phone&#8221; border_radii=&#8221;on|10px|10px|10px|10px&#8221; global_colors_info=&#8221;{}&#8221;][\/et_pb_column][\/et_pb_row][\/et_pb_section][et_pb_section fb_built=&#8221;1&#8243; admin_label=&#8221;Feature&#8221; _builder_version=&#8221;4.22.0&#8243; _module_preset=&#8221;default&#8221; collapsed=&#8221;on&#8221; global_colors_info=&#8221;{}&#8221;][et_pb_row _builder_version=&#8221;4.22.2&#8243; _module_preset=&#8221;default&#8221; global_colors_info=&#8221;{}&#8221;][et_pb_column type=&#8221;4_4&#8243; _builder_version=&#8221;4.22.2&#8243; _module_preset=&#8221;default&#8221; global_colors_info=&#8221;{}&#8221;][et_pb_text _builder_version=&#8221;4.22.2&#8243; _module_preset=&#8221;default&#8221; global_colors_info=&#8221;{}&#8221;]<h2 style=\"text-align: center;\"><strong>Zakora\u010dite u svet integrisanih komunikacija, gde su hrabrost i kreativnost na\u0161a valuta, a uspeh koji ostaje zapam\u0107en na\u0161a nagrada!<\/strong><\/h2>[\/et_pb_text][\/et_pb_column][\/et_pb_row][et_pb_row column_structure=&#8221;1_2,1_2&#8243; _builder_version=&#8221;4.22.0&#8243; _module_preset=&#8221;default&#8221; global_colors_info=&#8221;{}&#8221;][et_pb_column type=&#8221;1_2&#8243; _builder_version=&#8221;4.22.0&#8243; _module_preset=&#8221;default&#8221; global_colors_info=&#8221;{}&#8221;][et_pb_text _builder_version=&#8221;4.22.2&#8243; _module_preset=&#8221;05f5dfd0-d96d-4faf-b479-4c49c4649cb3&#8243; global_colors_info=&#8221;{}&#8221;]Uspeh je san mnogih, ali stvarnost malih. Kako da ga dostignete i zadr\u017eite? EMINENT Komunikacije znaju tajnu koja \u0107e Vam pomo\u0107i da izgradite ne samo uspe\u0161nu reputaciju, ve\u0107 da postanete lider u Va\u0161oj industriji. Da, potrebno je biti posve\u0107en, odlu\u010dan i iskren, ali to je samo po\u010detak puta. Da biste se istakli i zaista se izdvojili od drugih, potrebno je da budete kredibilni i integrisani &#8211; to je klju\u010dna osnova. Ali, da biste postali pravi pobednik, potrebno je da budete inovativni i druga\u010diji &#8211; to je tajna koju mi znamo.[\/et_pb_text][et_pb_image src=&#8221;https:\/\/eminentkomunikacije.rs\/wp-content\/uploads\/2023\/10\/career-coach-8.jpg&#8221; title_text=&#8221;career-coach-8&#8243; _builder_version=&#8221;4.22.2&#8243; _module_preset=&#8221;default&#8221; width=&#8221;60%&#8221; border_radii=&#8221;on|10px|10px|10px|10px&#8221; global_colors_info=&#8221;{}&#8221;][\/et_pb_image][\/et_pb_column][et_pb_column type=&#8221;1_2&#8243; _builder_version=&#8221;4.22.0&#8243; _module_preset=&#8221;default&#8221; global_colors_info=&#8221;{}&#8221;][et_pb_image src=&#8221;https:\/\/eminentkomunikacije.rs\/wp-content\/uploads\/2023\/10\/career-coach-9.jpg&#8221; title_text=&#8221;career-coach-9&#8243; _builder_version=&#8221;4.22.0&#8243; _module_preset=&#8221;default&#8221; border_radii=&#8221;on|10px|10px|10px|10px&#8221; global_colors_info=&#8221;{}&#8221;][\/et_pb_image][et_pb_text _builder_version=&#8221;4.22.2&#8243; _module_preset=&#8221;default&#8221; global_colors_info=&#8221;{}&#8221;]U svetu pozicioniranja se ne ka\u017ee slu\u010dajno: \u201ePostajete pobednik ako plasirate pobednika\u201c. Da biste uspeli \u2013 nije dovoljno da samo kvalitetno obavljate delatnost kojom se bavite, ve\u0107 da i drugi to znaju! Zadatak nam je da gradimo Va\u0161 imid\u017e i reputaciju u javnosti koji \u0107e biti prepoznat i vrednovan kao ogledalo Va\u0161eg uspeha i na\u0161e inovativnosti. [\/et_pb_text][\/et_pb_column][\/et_pb_row][\/et_pb_section][et_pb_section fb_built=&#8221;1&#8243; admin_label=&#8221;Call to Action&#8221; _builder_version=&#8221;4.22.0&#8243; _module_preset=&#8221;default&#8221; background_color=&#8221;gcid-a13652f3-2793-4cb6-9d99-526eb1549d6a&#8221; background_image=&#8221;https:\/\/eminentkomunikacije.rs\/wp-content\/uploads\/2023\/10\/career-coach-2.png&#8221; background_size=&#8221;initial&#8221; custom_padding=&#8221;8vw||8vw||true|false&#8221; collapsed=&#8221;on&#8221; global_colors_info=&#8221;{%22gcid-a13652f3-2793-4cb6-9d99-526eb1549d6a%22:%91%22background_color%22%93}&#8221;][et_pb_row _builder_version=&#8221;4.22.0&#8243; _module_preset=&#8221;default&#8221; max_width=&#8221;880px&#8221; hover_enabled=&#8221;0&#8243; global_colors_info=&#8221;{}&#8221; sticky_enabled=&#8221;0&#8243;][et_pb_column type=&#8221;4_4&#8243; _builder_version=&#8221;4.22.0&#8243; _module_preset=&#8221;default&#8221; global_colors_info=&#8221;{}&#8221;][et_pb_text _builder_version=&#8221;4.22.2&#8243; _module_preset=&#8221;default&#8221; hover_enabled=&#8221;0&#8243; sticky_enabled=&#8221;0&#8243;]<h3 style=\"text-align: center;\">Za\u0161to \u010dekati?<\/h3>\n<h3 style=\"text-align: center;\">Dozvolite nam da Vam pomognemo da postanete pobednik!<\/h3>[\/et_pb_text][et_pb_button button_text=&#8221;KONTAKTIRAJTE NAS&#8221; button_alignment=&#8221;center&#8221; _builder_version=&#8221;4.22.2&#8243; _module_preset=&#8221;317aaae4-2c73-42b1-9afd-a59d4103c8df&#8221; hover_enabled=&#8221;0&#8243; global_colors_info=&#8221;{}&#8221; sticky_enabled=&#8221;0&#8243;][\/et_pb_button][\/et_pb_column][\/et_pb_row][\/et_pb_section]\n","protected":false},"excerpt":{"rendered":"<p>Va\u0161 put do uspeha!EMINENT Komunikacije\u0160ta god pi\u0161e\u0161, pi\u0161i kratko, \u010dita\u0107e te.Pi\u0161i jasno, razume\u0107e te.Pi\u0161i slikovito, pamti\u0107e te \u2013D\u017eozef PulicerStrategija komunikacijeKorporativna komunikacijaPoslovno savetovanjeOdnosi sa medijimaKrizni PRZakora\u010dite u svet integrisanih komunikacija, gde su hrabrost i kreativnost na\u0161a valuta, a uspeh koji ostaje zapam\u0107en na\u0161a nagrada!Uspeh je san mnogih, ali stvarnost malih. Kako da ga dostignete i zadr\u017eite? [&hellip;]<\/p>\n","protected":false},"author":1,"featured_media":0,"parent":0,"menu_order":0,"comment_status":"closed","ping_status":"closed","template":"","meta":{"_et_pb_use_builder":"on","_et_pb_old_content":"","_et_gb_content_width":"","footnotes":""},"class_list":["post-55","page","type-page","status-publish","hentry"],"yoast_head":"<!-- This site is optimized with the Yoast SEO plugin v22.3 - https:\/\/yoast.com\/wordpress\/plugins\/seo\/ -->\n<title>Eeminent komunikacije i event management<\/title>\n<meta name=\"description\" content=\"EMINENT Komunikacije znaju tajnu koja \u0107e Vam pomo\u0107i da izgradite ne samo uspe\u0161nu reputaciju, ve\u0107 da postanete lider u Va\u0161oj industriji.\" \/>\n<meta name=\"robots\" content=\"noindex, follow, max-snippet:-1, max-image-preview:large, max-video-preview:-1\" \/>\n<meta property=\"og:locale\" content=\"en_US\" \/>\n<meta property=\"og:type\" content=\"article\" \/>\n<meta property=\"og:title\" content=\"Eeminent komunikacije i event management\" \/>\n<meta property=\"og:description\" content=\"EMINENT Komunikacije znaju tajnu koja \u0107e Vam pomo\u0107i da izgradite ne samo uspe\u0161nu reputaciju, ve\u0107 da postanete lider u Va\u0161oj industriji.\" \/>\n<meta property=\"og:url\" content=\"https:\/\/eminentkomunikacije.rs\/\" \/>\n<meta property=\"og:site_name\" content=\"Eminent komunikacije\" \/>\n<meta property=\"article:modified_time\" content=\"2024-04-01T13:43:03+00:00\" \/>\n<meta name=\"twitter:card\" content=\"summary_large_image\" \/>\n<meta name=\"twitter:label1\" content=\"Est. reading time\" \/>\n\t<meta name=\"twitter:data1\" content=\"3 minutes\" \/>\n<script type=\"application\/ld+json\" class=\"yoast-schema-graph\">{\"@context\":\"https:\/\/schema.org\",\"@graph\":[{\"@type\":\"WebPage\",\"@id\":\"https:\/\/eminentkomunikacije.rs\/\",\"url\":\"https:\/\/eminentkomunikacije.rs\/\",\"name\":\"Eeminent komunikacije i event management\",\"isPartOf\":{\"@id\":\"https:\/\/eminentkomunikacije.rs\/#website\"},\"datePublished\":\"2023-10-23T13:05:58+00:00\",\"dateModified\":\"2024-04-01T13:43:03+00:00\",\"description\":\"EMINENT Komunikacije znaju tajnu koja \u0107e Vam pomo\u0107i da izgradite ne samo uspe\u0161nu reputaciju, ve\u0107 da postanete lider u Va\u0161oj industriji.\",\"breadcrumb\":{\"@id\":\"https:\/\/eminentkomunikacije.rs\/#breadcrumb\"},\"inLanguage\":\"en-US\",\"potentialAction\":[{\"@type\":\"ReadAction\",\"target\":[\"https:\/\/eminentkomunikacije.rs\/\"]}]},{\"@type\":\"BreadcrumbList\",\"@id\":\"https:\/\/eminentkomunikacije.rs\/#breadcrumb\",\"itemListElement\":[{\"@type\":\"ListItem\",\"position\":1,\"name\":\"Home\",\"item\":\"https:\/\/eminentkomunikacije.rs\/\"},{\"@type\":\"ListItem\",\"position\":2,\"name\":\"Home\"}]},{\"@type\":\"WebSite\",\"@id\":\"https:\/\/eminentkomunikacije.rs\/#website\",\"url\":\"https:\/\/eminentkomunikacije.rs\/\",\"name\":\"Eminent komunikacije\",\"description\":\"Komunikacije i event management\",\"potentialAction\":[{\"@type\":\"SearchAction\",\"target\":{\"@type\":\"EntryPoint\",\"urlTemplate\":\"https:\/\/eminentkomunikacije.rs\/?s={search_term_string}\"},\"query-input\":\"required name=search_term_string\"}],\"inLanguage\":\"en-US\"}]}<\/script>\n<!-- \/ Yoast SEO plugin. -->","yoast_head_json":{"title":"Eeminent komunikacije i event management","description":"EMINENT Komunikacije znaju tajnu koja \u0107e Vam pomo\u0107i da izgradite ne samo uspe\u0161nu reputaciju, ve\u0107 da postanete lider u Va\u0161oj industriji.","robots":{"index":"noindex","follow":"follow","max-snippet":"max-snippet:-1","max-image-preview":"max-image-preview:large","max-video-preview":"max-video-preview:-1"},"og_locale":"en_US","og_type":"article","og_title":"Eeminent komunikacije i event management","og_description":"EMINENT Komunikacije znaju tajnu koja \u0107e Vam pomo\u0107i da izgradite ne samo uspe\u0161nu reputaciju, ve\u0107 da postanete lider u Va\u0161oj industriji.","og_url":"https:\/\/eminentkomunikacije.rs\/","og_site_name":"Eminent komunikacije","article_modified_time":"2024-04-01T13:43:03+00:00","twitter_card":"summary_large_image","twitter_misc":{"Est. reading time":"3 minutes"},"schema":{"@context":"https:\/\/schema.org","@graph":[{"@type":"WebPage","@id":"https:\/\/eminentkomunikacije.rs\/","url":"https:\/\/eminentkomunikacije.rs\/","name":"Eeminent komunikacije i event management","isPartOf":{"@id":"https:\/\/eminentkomunikacije.rs\/#website"},"datePublished":"2023-10-23T13:05:58+00:00","dateModified":"2024-04-01T13:43:03+00:00","description":"EMINENT Komunikacije znaju tajnu koja \u0107e Vam pomo\u0107i da izgradite ne samo uspe\u0161nu reputaciju, ve\u0107 da postanete lider u Va\u0161oj industriji.","breadcrumb":{"@id":"https:\/\/eminentkomunikacije.rs\/#breadcrumb"},"inLanguage":"en-US","potentialAction":[{"@type":"ReadAction","target":["https:\/\/eminentkomunikacije.rs\/"]}]},{"@type":"BreadcrumbList","@id":"https:\/\/eminentkomunikacije.rs\/#breadcrumb","itemListElement":[{"@type":"ListItem","position":1,"name":"Home","item":"https:\/\/eminentkomunikacije.rs\/"},{"@type":"ListItem","position":2,"name":"Home"}]},{"@type":"WebSite","@id":"https:\/\/eminentkomunikacije.rs\/#website","url":"https:\/\/eminentkomunikacije.rs\/","name":"Eminent komunikacije","description":"Komunikacije i event management","potentialAction":[{"@type":"SearchAction","target":{"@type":"EntryPoint","urlTemplate":"https:\/\/eminentkomunikacije.rs\/?s={search_term_string}"},"query-input":"required name=search_term_string"}],"inLanguage":"en-US"}]}},"_links":{"self":[{"href":"https:\/\/eminentkomunikacije.rs\/index.php?rest_route=\/wp\/v2\/pages\/55","targetHints":{"allow":["GET"]}}],"collection":[{"href":"https:\/\/eminentkomunikacije.rs\/index.php?rest_route=\/wp\/v2\/pages"}],"about":[{"href":"https:\/\/eminentkomunikacije.rs\/index.php?rest_route=\/wp\/v2\/types\/page"}],"author":[{"embeddable":true,"href":"https:\/\/eminentkomunikacije.rs\/index.php?rest_route=\/wp\/v2\/users\/1"}],"replies":[{"embeddable":true,"href":"https:\/\/eminentkomunikacije.rs\/index.php?rest_route=%2Fwp%2Fv2%2Fcomments&post=55"}],"version-history":[{"count":8,"href":"https:\/\/eminentkomunikacije.rs\/index.php?rest_route=\/wp\/v2\/pages\/55\/revisions"}],"predecessor-version":[{"id":108,"href":"https:\/\/eminentkomunikacije.rs\/index.php?rest_route=\/wp\/v2\/pages\/55\/revisions\/108"}],"wp:attachment":[{"href":"https:\/\/eminentkomunikacije.rs\/index.php?rest_route=%2Fwp%2Fv2%2Fmedia&parent=55"}],"curies":[{"name":"wp","href":"https:\/\/api.w.org\/{rel}","templated":true}]}}